{"id":20,"date":"2023-05-18T01:22:59","date_gmt":"2023-05-18T01:22:59","guid":{"rendered":"https:\/\/trsasociados.com\/?page_id=20"},"modified":"2025-07-12T20:09:38","modified_gmt":"2025-07-12T23:09:38","slug":"acerca-de","status":"publish","type":"page","link":"https:\/\/www.trsasociados.com\/index.php\/acerca-de\/","title":{"rendered":"NUESTROS SERVICIOS"},"content":{"rendered":"\t\t<div data-elementor-type=\"wp-page\" data-elementor-id=\"20\" class=\"elementor elementor-20\">\n\t\t\t\t\t\t<section class=\"elementor-section elementor-top-section elementor-element elementor-element-2d1506e elementor-section-boxed elementor-section-height-default elementor-section-height-default\" data-id=\"2d1506e\" data-element_type=\"section\">\n\t\t\t\t\t\t<div class=\"elementor-container elementor-column-gap-default\">\n\t\t\t\t\t<div class=\"elementor-column elementor-col-100 elementor-top-column elementor-element elementor-element-1c5147e8\" data-id=\"1c5147e8\" data-element_type=\"column\">\n\t\t\t<div class=\"elementor-widget-wrap elementor-element-populated\">\n\t\t\t\t\t\t<div class=\"elementor-element elementor-element-ed86f39 elementor-widget elementor-widget-text-editor\" data-id=\"ed86f39\" data-element_type=\"widget\" data-widget_type=\"text-editor.default\">\n\t\t\t\t<div class=\"elementor-widget-container\">\n\t\t\t\t\t\t\t\t\t<p><em><\/em><\/p>\n<p><span style=\"color: #808080;\">Trabajamos para familias y empresas que necesitan respaldo notarial en momentos clave, donde la excelencia, la confianza y el trato humano<\/span> <span style=\"text-decoration: underline;\"><em><span style=\"color: #808080; text-decoration: underline;\">marcan la diferenci<\/span><\/em><em><span style=\"color: #808080; text-decoration: underline;\">a<\/span><\/em><span style=\"color: #808080; text-decoration: underline;\">.<\/span><\/span><\/p>\n<ul>\n<li style=\"list-style-type: none;\">\n<ul>\n<li><span style=\"color: #808080;\">Asesor\u00eda en todo tipo de Negocios y Proyectos Inmobiliarios.<\/span><\/li>\n<li><span style=\"font-size: 1rem; color: #808080;\">Constituci\u00f3n de Asociaciones, Cooperativas, Fideicomisos, Sociedades Comerciales y Agrarias.<\/span><\/li>\n<li><span style=\"font-size: 1rem; color: #808080;\">Transacci\u00f3n con Veh\u00edculos Automotores.<\/span><\/li>\n<li><span style=\"color: #808080;\">Elaboraci\u00f3n de Escrituras, Contratos, Certificados, Documentos y Poderes.<\/span><\/li>\n<\/ul>\n<\/li>\n<\/ul>\n<p><span style=\"color: #808080;\">Perfeccionamiento en casos reales de alta complejidad en Contrataci\u00f3n Inmobiliaria y aspectos pr\u00e1cticos del Derecho Societario, avalado por la Universidad de Montevideo.<\/span><\/p>\n<p><em><span style=\"color: #808080;\">\u00abLa excelencia no es un resultado, es nuestra forma de trabajar.\u00bb<\/span><\/em><\/p>\n<p><\/p>\n<p><\/p>\n<p><\/p>\n<p><\/p>\t\t\t\t\t\t\t\t<\/div>\n\t\t\t\t<\/div>\n\t\t\t\t\t<\/div>\n\t\t<\/div>\n\t\t\t\t\t<\/div>\n\t\t<\/section>\n\t\t\t\t<\/div>\n\t\t","protected":false},"excerpt":{"rendered":"<p>Trabajamos para familias y empresas que necesitan respaldo notarial en momentos clave, donde la excelencia, la confianza y el trato humano marcan la diferencia. Asesor\u00eda en todo tipo de Negocios y Proyectos Inmobiliarios. Constituci\u00f3n de Asociaciones, Cooperativas, Fideicomisos, Sociedades Comerciales y Agrarias. Transacci\u00f3n con Veh\u00edculos Automotores. Elaboraci\u00f3n de Escrituras, Contratos, Certificados, Documentos y Poderes. Perfeccionamiento &hellip; <\/p>\n<p class=\"link-more\"><a href=\"https:\/\/www.trsasociados.com\/index.php\/acerca-de\/\" class=\"more-link\">Continuar leyendo<span class=\"screen-reader-text\"> \u00abNUESTROS SERVICIOS\u00bb<\/span><\/a><\/p>\n","protected":false},"author":1,"featured_media":324,"parent":0,"menu_order":0,"comment_status":"closed","ping_status":"closed","template":"","meta":{"_themeisle_gutenberg_block_has_review":false,"footnotes":""},"class_list":["post-20","page","type-page","status-publish","has-post-thumbnail","hentry"],"_links":{"self":[{"href":"https:\/\/www.trsasociados.com\/index.php\/wp-json\/wp\/v2\/pages\/20","targetHints":{"allow":["GET"]}}],"collection":[{"href":"https:\/\/www.trsasociados.com\/index.php\/wp-json\/wp\/v2\/pages"}],"about":[{"href":"https:\/\/www.trsasociados.com\/index.php\/wp-json\/wp\/v2\/types\/page"}],"author":[{"embeddable":true,"href":"https:\/\/www.trsasociados.com\/index.php\/wp-json\/wp\/v2\/users\/1"}],"replies":[{"embeddable":true,"href":"https:\/\/www.trsasociados.com\/index.php\/wp-json\/wp\/v2\/comments?post=20"}],"version-history":[{"count":88,"href":"https:\/\/www.trsasociados.com\/index.php\/wp-json\/wp\/v2\/pages\/20\/revisions"}],"predecessor-version":[{"id":672,"href":"https:\/\/www.trsasociados.com\/index.php\/wp-json\/wp\/v2\/pages\/20\/revisions\/672"}],"wp:featuredmedia":[{"embeddable":true,"href":"https:\/\/www.trsasociados.com\/index.php\/wp-json\/wp\/v2\/media\/324"}],"wp:attachment":[{"href":"https:\/\/www.trsasociados.com\/index.php\/wp-json\/wp\/v2\/media?parent=20"}],"curies":[{"name":"wp","href":"https:\/\/api.w.org\/{rel}","templated":true}]}}