{"id":47,"date":"2023-07-24T16:02:30","date_gmt":"2023-07-24T16:02:30","guid":{"rendered":"https:\/\/trsasociados.com\/?page_id=47"},"modified":"2025-07-11T21:08:50","modified_gmt":"2025-07-12T00:08:50","slug":"sobre-nosotros","status":"publish","type":"page","link":"https:\/\/www.trsasociados.com\/index.php\/sobre-nosotros\/","title":{"rendered":"SOBRE NOSOTROS"},"content":{"rendered":"\t\t<div data-elementor-type=\"wp-page\" data-elementor-id=\"47\" class=\"elementor elementor-47\">\n\t\t\t\t\t\t<section class=\"elementor-section elementor-top-section elementor-element elementor-element-a04907d elementor-section-boxed elementor-section-height-default elementor-section-height-default\" data-id=\"a04907d\" data-element_type=\"section\">\n\t\t\t\t\t\t<div class=\"elementor-container elementor-column-gap-default\">\n\t\t\t\t\t<div class=\"elementor-column elementor-col-100 elementor-top-column elementor-element elementor-element-7d5f618\" data-id=\"7d5f618\" data-element_type=\"column\">\n\t\t\t<div class=\"elementor-widget-wrap elementor-element-populated\">\n\t\t\t\t\t\t<div class=\"elementor-element elementor-element-48a0d1b elementor-widget elementor-widget-text-editor\" data-id=\"48a0d1b\" data-element_type=\"widget\" data-widget_type=\"text-editor.default\">\n\t\t\t\t<div class=\"elementor-widget-container\">\n\t\t\t\t\t\t\t\t\t<p><span style=\"color: #808080;\">En TRS entendemos que detr\u00e1s de cada tr\u00e1mite notarial hay una decisi\u00f3n importante. Por eso, m\u00e1s que papeles, ofrecemos acompa\u00f1amiento: con profesionalismo, calidez y un compromiso real con cada persona que conf\u00eda en nosotras.<\/span><\/p>\n<p><span style=\"color: #808080;\">Nuestro diferencial es la combinaci\u00f3n de compromiso, empat\u00eda y excelencia. En TRS no se improvisa: cada caso se analiza al detalle, cada cliente es escuchado, y cada entrega refleja nuestro est\u00e1ndar profesional. No solo resolvemos tr\u00e1mites, creamos experiencias notariales confiables y a medida.<\/span><\/p>\t\t\t\t\t\t\t\t<\/div>\n\t\t\t\t<\/div>\n\t\t\t\t\t<\/div>\n\t\t<\/div>\n\t\t\t\t\t<\/div>\n\t\t<\/section>\n\t\t\t\t<section class=\"elementor-section elementor-top-section elementor-element elementor-element-41bb4be2 elementor-section-boxed elementor-section-height-default elementor-section-height-default\" data-id=\"41bb4be2\" data-element_type=\"section\">\n\t\t\t\t\t\t<div class=\"elementor-container elementor-column-gap-default\">\n\t\t\t\t\t<div class=\"elementor-column elementor-col-100 elementor-top-column elementor-element elementor-element-70b708\" data-id=\"70b708\" data-element_type=\"column\">\n\t\t\t<div class=\"elementor-widget-wrap elementor-element-populated\">\n\t\t\t\t\t\t<div class=\"elementor-element elementor-element-08844fd elementor-position-left elementor-position-left elementor-vertical-align-middle elementor-vertical-align-top elementor-widget elementor-widget-image-box\" data-id=\"08844fd\" data-element_type=\"widget\" data-widget_type=\"image-box.default\">\n\t\t\t\t<div class=\"elementor-widget-container\">\n\t\t\t\t\t<div class=\"elementor-image-box-wrapper\"><figure class=\"elementor-image-box-img\"><img fetchpriority=\"high\" decoding=\"async\" width=\"298\" height=\"300\" src=\"https:\/\/www.trsasociados.com\/wp-content\/uploads\/2025\/01\/leidy-web-298x300.png\" class=\"attachment-medium size-medium wp-image-337\" alt=\"\" srcset=\"https:\/\/www.trsasociados.com\/wp-content\/uploads\/2025\/01\/leidy-web-298x300.png 298w, https:\/\/www.trsasociados.com\/wp-content\/uploads\/2025\/01\/leidy-web-1017x1024.png 1017w, https:\/\/www.trsasociados.com\/wp-content\/uploads\/2025\/01\/leidy-web-150x150.png 150w, https:\/\/www.trsasociados.com\/wp-content\/uploads\/2025\/01\/leidy-web-768x773.png 768w, https:\/\/www.trsasociados.com\/wp-content\/uploads\/2025\/01\/leidy-web-100x100.png 100w, https:\/\/www.trsasociados.com\/wp-content\/uploads\/2025\/01\/leidy-web.png 1404w\" sizes=\"(max-width: 298px) 100vw, 298px\" \/><\/figure><div class=\"elementor-image-box-content\"><p class=\"elementor-image-box-description\">Dra. Esc. Leidy TAFFURA<\/p><\/div><\/div>\t\t\t\t<\/div>\n\t\t\t\t<\/div>\n\t\t\t\t<div class=\"elementor-element elementor-element-280615d elementor-position-left elementor-position-left elementor-vertical-align-middle elementor-vertical-align-top elementor-widget elementor-widget-image-box\" data-id=\"280615d\" data-element_type=\"widget\" data-widget_type=\"image-box.default\">\n\t\t\t\t<div class=\"elementor-widget-container\">\n\t\t\t\t\t<div class=\"elementor-image-box-wrapper\"><figure class=\"elementor-image-box-img\"><img decoding=\"async\" width=\"300\" height=\"300\" src=\"https:\/\/www.trsasociados.com\/wp-content\/uploads\/2025\/01\/romina-web-300x300.png\" class=\"attachment-medium size-medium wp-image-349\" alt=\"\" srcset=\"https:\/\/www.trsasociados.com\/wp-content\/uploads\/2025\/01\/romina-web-300x300.png 300w, https:\/\/www.trsasociados.com\/wp-content\/uploads\/2025\/01\/romina-web-1024x1024.png 1024w, https:\/\/www.trsasociados.com\/wp-content\/uploads\/2025\/01\/romina-web-150x150.png 150w, https:\/\/www.trsasociados.com\/wp-content\/uploads\/2025\/01\/romina-web-768x768.png 768w, https:\/\/www.trsasociados.com\/wp-content\/uploads\/2025\/01\/romina-web-100x100.png 100w, https:\/\/www.trsasociados.com\/wp-content\/uploads\/2025\/01\/romina-web.png 1080w\" sizes=\"(max-width: 300px) 100vw, 300px\" \/><\/figure><div class=\"elementor-image-box-content\"><p class=\"elementor-image-box-description\">Esc. Romina RUIZ<\/p><\/div><\/div>\t\t\t\t<\/div>\n\t\t\t\t<\/div>\n\t\t\t\t<div class=\"elementor-element elementor-element-e6db556 elementor-position-left elementor-vertical-align-middle elementor-vertical-align-top elementor-widget elementor-widget-image-box\" data-id=\"e6db556\" data-element_type=\"widget\" data-widget_type=\"image-box.default\">\n\t\t\t\t<div class=\"elementor-widget-container\">\n\t\t\t\t\t<div class=\"elementor-image-box-wrapper\"><figure class=\"elementor-image-box-img\"><img decoding=\"async\" width=\"300\" height=\"300\" src=\"https:\/\/www.trsasociados.com\/wp-content\/uploads\/2025\/01\/lucia-web-300x300.png\" class=\"attachment-medium size-medium wp-image-348\" alt=\"\" srcset=\"https:\/\/www.trsasociados.com\/wp-content\/uploads\/2025\/01\/lucia-web-300x300.png 300w, https:\/\/www.trsasociados.com\/wp-content\/uploads\/2025\/01\/lucia-web-1024x1024.png 1024w, https:\/\/www.trsasociados.com\/wp-content\/uploads\/2025\/01\/lucia-web-150x150.png 150w, https:\/\/www.trsasociados.com\/wp-content\/uploads\/2025\/01\/lucia-web-768x768.png 768w, https:\/\/www.trsasociados.com\/wp-content\/uploads\/2025\/01\/lucia-web-100x100.png 100w, https:\/\/www.trsasociados.com\/wp-content\/uploads\/2025\/01\/lucia-web.png 1080w\" sizes=\"(max-width: 300px) 100vw, 300px\" \/><\/figure><div class=\"elementor-image-box-content\"><p class=\"elementor-image-box-description\">Esc. Luc\u00eda STRATTA<\/p><\/div><\/div>\t\t\t\t<\/div>\n\t\t\t\t<\/div>\n\t\t\t\t<div class=\"elementor-element elementor-element-109b4e54 elementor-widget elementor-widget-text-editor\" data-id=\"109b4e54\" data-element_type=\"widget\" data-widget_type=\"text-editor.default\">\n\t\t\t\t<div class=\"elementor-widget-container\">\n\t\t\t\t\t\t\t\t\t<p><\/p>\n<div><span style=\"font-size: 1rem; color: #808080;\">\u00a0<em>\u00abLa profesi\u00f3n de Escribano constituye una verdadera vocaci\u00f3n moral, con sentimiento de justicia, que lo convierten en protector de quienes acuden a su consejo y solicitan sus servicios profesionales.\u00bb<\/em><\/span><\/div>\n<div><span style=\"font-size: 1rem; color: #808080;\">\u00a0<\/span><\/div>\n<p><span style=\"color: #808080;\"><em><u>SOMOS EL ESCRIBANO ALIADO DE TU PATRIMONIO Y EMPRESA.<\/u><\/em><\/span><\/p>\n<p><\/p>\n<p><\/p>\n<p><\/p>\t\t\t\t\t\t\t\t<\/div>\n\t\t\t\t<\/div>\n\t\t\t\t\t<\/div>\n\t\t<\/div>\n\t\t\t\t\t<\/div>\n\t\t<\/section>\n\t\t\t\t<\/div>\n\t\t","protected":false},"excerpt":{"rendered":"<p>En TRS entendemos que detr\u00e1s de cada tr\u00e1mite notarial hay una decisi\u00f3n importante. Por eso, m\u00e1s que papeles, ofrecemos acompa\u00f1amiento: con profesionalismo, calidez y un compromiso real con cada persona que conf\u00eda en nosotras. Nuestro diferencial es la combinaci\u00f3n de compromiso, empat\u00eda y excelencia. En TRS no se improvisa: cada caso se analiza al detalle, &hellip; <\/p>\n<p class=\"link-more\"><a href=\"https:\/\/www.trsasociados.com\/index.php\/sobre-nosotros\/\" class=\"more-link\">Continuar leyendo<span class=\"screen-reader-text\"> \u00abSOBRE NOSOTROS\u00bb<\/span><\/a><\/p>\n","protected":false},"author":1,"featured_media":322,"parent":0,"menu_order":0,"comment_status":"closed","ping_status":"closed","template":"","meta":{"_themeisle_gutenberg_block_has_review":false,"footnotes":""},"class_list":["post-47","page","type-page","status-publish","has-post-thumbnail","hentry"],"_links":{"self":[{"href":"https:\/\/www.trsasociados.com\/index.php\/wp-json\/wp\/v2\/pages\/47","targetHints":{"allow":["GET"]}}],"collection":[{"href":"https:\/\/www.trsasociados.com\/index.php\/wp-json\/wp\/v2\/pages"}],"about":[{"href":"https:\/\/www.trsasociados.com\/index.php\/wp-json\/wp\/v2\/types\/page"}],"author":[{"embeddable":true,"href":"https:\/\/www.trsasociados.com\/index.php\/wp-json\/wp\/v2\/users\/1"}],"replies":[{"embeddable":true,"href":"https:\/\/www.trsasociados.com\/index.php\/wp-json\/wp\/v2\/comments?post=47"}],"version-history":[{"count":156,"href":"https:\/\/www.trsasociados.com\/index.php\/wp-json\/wp\/v2\/pages\/47\/revisions"}],"predecessor-version":[{"id":662,"href":"https:\/\/www.trsasociados.com\/index.php\/wp-json\/wp\/v2\/pages\/47\/revisions\/662"}],"wp:featuredmedia":[{"embeddable":true,"href":"https:\/\/www.trsasociados.com\/index.php\/wp-json\/wp\/v2\/media\/322"}],"wp:attachment":[{"href":"https:\/\/www.trsasociados.com\/index.php\/wp-json\/wp\/v2\/media?parent=47"}],"curies":[{"name":"wp","href":"https:\/\/api.w.org\/{rel}","templated":true}]}}